{"id":690,"date":"2026-01-21T13:05:08","date_gmt":"2026-01-21T13:05:08","guid":{"rendered":"https:\/\/www.preconcret.es\/avis-legal\/"},"modified":"2026-02-17T11:47:56","modified_gmt":"2026-02-17T11:47:56","slug":"avis-legal","status":"publish","type":"page","link":"https:\/\/www.preconcret.es\/ca\/avis-legal\/","title":{"rendered":"Av\u00eds legal<br>"},"content":{"rendered":"\t\t<div data-elementor-type=\"wp-page\" data-elementor-id=\"690\" class=\"elementor elementor-690 elementor-90\" data-elementor-post-type=\"page\">\n\t\t\t\t<div class=\"elementor-element elementor-element-c532443 e-flex e-con-boxed e-con e-child\" data-id=\"c532443\" data-element_type=\"container\" data-e-type=\"container\" data-settings=\"{&quot;background_background&quot;:&quot;classic&quot;,&quot;jet_parallax_layout_list&quot;:[]}\">\n\t\t\t\t\t<div class=\"e-con-inner\">\n\t\t\t\t<div class=\"elementor-element elementor-element-c977b94 elementor-widget elementor-widget-heading\" data-id=\"c977b94\" data-element_type=\"widget\" data-e-type=\"widget\" data-widget_type=\"heading.default\">\n\t\t\t\t\t<h1 class=\"elementor-heading-title elementor-size-default\">Av\u00eds legal<br><\/h1>\t\t\t\t<\/div>\n\t\t\t\t\t<\/div>\n\t\t\t\t<\/div>\n\t\t<div class=\"elementor-element elementor-element-5f07b32b e-flex e-con-boxed e-con e-parent\" data-id=\"5f07b32b\" data-element_type=\"container\" data-e-type=\"container\" data-settings=\"{&quot;jet_parallax_layout_list&quot;:[]}\">\n\t\t\t\t\t<div class=\"e-con-inner\">\n\t\t\t\t<div class=\"elementor-element elementor-element-68a66007 elementor-widget elementor-widget-text-editor\" data-id=\"68a66007\" data-element_type=\"widget\" data-e-type=\"widget\" data-widget_type=\"text-editor.default\">\n\t\t\t\t\t\t\t\t\t<p><\/p>\n<p><strong>preconcret.es &nbsp;<\/strong>\u00e9s domini registrat i en propietat de&nbsp;<strong> PRECONCRET, S.L.<\/strong><\/p>\n<p><\/p>\n<p>A&nbsp;<strong>preconcret.es<\/strong>&nbsp;hem adoptat totes les mesures necess\u00e0ries per garantir la m\u00e0xima seguretat i confidencialitat en el tractament de les seves dades de car\u00e0cter personal, us recomanem revisar la nostra pol\u00edtica de privacitat per a m\u00e9s informaci\u00f3.<\/p>\n<p><\/p>\n<p>Dades fiscals:<\/p>\n<p><\/p>\n<ul class=\"wp-block-list\"><p><\/p>\n<li><strong>Preconcret, S.L.<\/strong><\/li>\n<p><\/p>\n<li><strong>Autovia A-II km 512.7, Fonolleres<\/strong><\/li>\n<p><\/p>\n<li><strong>Granyanella \u2013 C.P. 25218 (Lleida &#8211; Spain)<\/strong><\/li>\n<p><\/p>\n<li>CIF: B25846502<\/li>\n<p><\/p>\n<li>E-mail: administraci\u00f3@preconcret.es<\/li>\n<p><\/p>\n<li>Tel. Espa\u00f1a :&nbsp;<strong>973 294 634<\/strong><\/li>\n<p><\/p>\n<li>Tel. Resta Europa : 0034 973 294 634<\/li>\n<p><\/p>\n<li>Registre Mercantil de Lleida, Volum 1.554, Foli 75, Full n\u00ba L-31.506.<\/li>\n<p><\/p><\/ul>\n<p><\/p>\n<p><strong><br><\/strong><\/p><p><strong>CONDICIONS D&#8217;ACC\u00c9S<\/strong><\/p>\n<p><\/p>\n<p>El acceso a nuestra p\u00e1gina web es gratuito y no exige previa suscripci\u00f3n o registro. Para navegar por preconcret.es, no necesita suministrar ning\u00fan dato personal. Puede, por tanto, realizar una visita totalmente an\u00f3nima.<br>El env\u00edo de datos personales implica la aceptaci\u00f3n expresa por parte del USUARIO de nuestra&nbsp;<strong>Pol\u00edtica de Privacitat<\/strong>.<\/p>\n<p><\/p>\n<p>Tenint en compte la impossibilitat de control respecte a la informaci\u00f3, continguts i serveis que continguin altres p\u00e0gines web, als quals es pugui accedir a trav\u00e9s dels enlla\u00e7os que la nostra p\u00e0gina web pugui posar a la seva disposici\u00f3, li comuniquem que quedem eximits de qualsevol responsabilitat per danys i perjudicis de tota classe que puguessin derivar de la utilitzaci\u00f3 d&#8217;aquestes p\u00e0gines web, alienes a la nostra empresa, per part de l&#8217;usuari.<\/p>\n<p><\/p>\t\t\t\t\t\t\t\t<\/div>\n\t\t\t\t\t<\/div>\n\t\t\t\t<\/div>\n\t\t\t\t<\/div>\n\t\t","protected":false},"excerpt":{"rendered":"<p>Av\u00eds legal preconcret.es &nbsp;\u00e9s domini registrat i en propietat de&nbsp; PRECONCRET, S.L. A&nbsp;preconcret.es&nbsp;hem adoptat totes les mesures necess\u00e0ries per garantir la m\u00e0xima seguretat i confidencialitat en el tractament de les seves dades de car\u00e0cter personal, us recomanem revisar la nostra pol\u00edtica de privacitat per a m\u00e9s informaci\u00f3. Dades fiscals: Preconcret, S.L. Autovia A-II km 512.7, [&hellip;]<\/p>\n","protected":false},"author":1,"featured_media":0,"parent":0,"menu_order":0,"comment_status":"closed","ping_status":"closed","template":"","meta":{"footnotes":""},"class_list":["post-690","page","type-page","status-publish","hentry"],"yoast_head":"<!-- This site is optimized with the Yoast SEO plugin v26.9 - https:\/\/yoast.com\/product\/yoast-seo-wordpress\/ -->\n<title>Av\u00eds legal - Preconcret<\/title>\n<meta name=\"robots\" content=\"index, follow, max-snippet:-1, max-image-preview:large, max-video-preview:-1\" \/>\n<link rel=\"canonical\" href=\"https:\/\/www.preconcret.es\/ca\/avis-legal\/\" \/>\n<meta property=\"og:locale\" content=\"ca_ES\" \/>\n<meta property=\"og:type\" content=\"article\" \/>\n<meta property=\"og:title\" content=\"Av\u00eds legal - Preconcret\" \/>\n<meta property=\"og:description\" content=\"Av\u00eds legal preconcret.es &nbsp;\u00e9s domini registrat i en propietat de&nbsp; PRECONCRET, S.L. A&nbsp;preconcret.es&nbsp;hem adoptat totes les mesures necess\u00e0ries per garantir la m\u00e0xima seguretat i confidencialitat en el tractament de les seves dades de car\u00e0cter personal, us recomanem revisar la nostra pol\u00edtica de privacitat per a m\u00e9s informaci\u00f3. Dades fiscals: Preconcret, S.L. Autovia A-II km 512.7, [&hellip;]\" \/>\n<meta property=\"og:url\" content=\"https:\/\/www.preconcret.es\/ca\/avis-legal\/\" \/>\n<meta property=\"og:site_name\" content=\"Preconcret\" \/>\n<meta property=\"article:modified_time\" content=\"2026-02-17T11:47:56+00:00\" \/>\n<meta name=\"twitter:card\" content=\"summary_large_image\" \/>\n<meta name=\"twitter:label1\" content=\"Temps estimat de lectura\" \/>\n\t<meta name=\"twitter:data1\" content=\"1 minut\" \/>\n<script type=\"application\/ld+json\" class=\"yoast-schema-graph\">{\"@context\":\"https:\/\/schema.org\",\"@graph\":[{\"@type\":\"WebPage\",\"@id\":\"https:\/\/www.preconcret.es\/ca\/avis-legal\/\",\"url\":\"https:\/\/www.preconcret.es\/ca\/avis-legal\/\",\"name\":\"Av\u00eds legal - Preconcret\",\"isPartOf\":{\"@id\":\"https:\/\/www.preconcret.es\/ca\/#website\"},\"datePublished\":\"2026-01-21T13:05:08+00:00\",\"dateModified\":\"2026-02-17T11:47:56+00:00\",\"breadcrumb\":{\"@id\":\"https:\/\/www.preconcret.es\/ca\/avis-legal\/#breadcrumb\"},\"inLanguage\":\"ca\",\"potentialAction\":[{\"@type\":\"ReadAction\",\"target\":[\"https:\/\/www.preconcret.es\/ca\/avis-legal\/\"]}]},{\"@type\":\"BreadcrumbList\",\"@id\":\"https:\/\/www.preconcret.es\/ca\/avis-legal\/#breadcrumb\",\"itemListElement\":[{\"@type\":\"ListItem\",\"position\":1,\"name\":\"Home\",\"item\":\"https:\/\/www.preconcret.es\/ca\/home\/\"},{\"@type\":\"ListItem\",\"position\":2,\"name\":\"Av\u00eds legal\"}]},{\"@type\":\"WebSite\",\"@id\":\"https:\/\/www.preconcret.es\/ca\/#website\",\"url\":\"https:\/\/www.preconcret.es\/ca\/\",\"name\":\"Preconcret\",\"description\":\"Preconcret\",\"potentialAction\":[{\"@type\":\"SearchAction\",\"target\":{\"@type\":\"EntryPoint\",\"urlTemplate\":\"https:\/\/www.preconcret.es\/ca\/?s={search_term_string}\"},\"query-input\":{\"@type\":\"PropertyValueSpecification\",\"valueRequired\":true,\"valueName\":\"search_term_string\"}}],\"inLanguage\":\"ca\"}]}<\/script>\n<!-- \/ Yoast SEO plugin. -->","yoast_head_json":{"title":"Av\u00eds legal - Preconcret","robots":{"index":"index","follow":"follow","max-snippet":"max-snippet:-1","max-image-preview":"max-image-preview:large","max-video-preview":"max-video-preview:-1"},"canonical":"https:\/\/www.preconcret.es\/ca\/avis-legal\/","og_locale":"ca_ES","og_type":"article","og_title":"Av\u00eds legal - Preconcret","og_description":"Av\u00eds legal preconcret.es &nbsp;\u00e9s domini registrat i en propietat de&nbsp; PRECONCRET, S.L. A&nbsp;preconcret.es&nbsp;hem adoptat totes les mesures necess\u00e0ries per garantir la m\u00e0xima seguretat i confidencialitat en el tractament de les seves dades de car\u00e0cter personal, us recomanem revisar la nostra pol\u00edtica de privacitat per a m\u00e9s informaci\u00f3. Dades fiscals: Preconcret, S.L. Autovia A-II km 512.7, [&hellip;]","og_url":"https:\/\/www.preconcret.es\/ca\/avis-legal\/","og_site_name":"Preconcret","article_modified_time":"2026-02-17T11:47:56+00:00","twitter_card":"summary_large_image","twitter_misc":{"Temps estimat de lectura":"1 minut"},"schema":{"@context":"https:\/\/schema.org","@graph":[{"@type":"WebPage","@id":"https:\/\/www.preconcret.es\/ca\/avis-legal\/","url":"https:\/\/www.preconcret.es\/ca\/avis-legal\/","name":"Av\u00eds legal - Preconcret","isPartOf":{"@id":"https:\/\/www.preconcret.es\/ca\/#website"},"datePublished":"2026-01-21T13:05:08+00:00","dateModified":"2026-02-17T11:47:56+00:00","breadcrumb":{"@id":"https:\/\/www.preconcret.es\/ca\/avis-legal\/#breadcrumb"},"inLanguage":"ca","potentialAction":[{"@type":"ReadAction","target":["https:\/\/www.preconcret.es\/ca\/avis-legal\/"]}]},{"@type":"BreadcrumbList","@id":"https:\/\/www.preconcret.es\/ca\/avis-legal\/#breadcrumb","itemListElement":[{"@type":"ListItem","position":1,"name":"Home","item":"https:\/\/www.preconcret.es\/ca\/home\/"},{"@type":"ListItem","position":2,"name":"Av\u00eds legal"}]},{"@type":"WebSite","@id":"https:\/\/www.preconcret.es\/ca\/#website","url":"https:\/\/www.preconcret.es\/ca\/","name":"Preconcret","description":"Preconcret","potentialAction":[{"@type":"SearchAction","target":{"@type":"EntryPoint","urlTemplate":"https:\/\/www.preconcret.es\/ca\/?s={search_term_string}"},"query-input":{"@type":"PropertyValueSpecification","valueRequired":true,"valueName":"search_term_string"}}],"inLanguage":"ca"}]}},"_links":{"self":[{"href":"https:\/\/www.preconcret.es\/ca\/wp-json\/wp\/v2\/pages\/690","targetHints":{"allow":["GET"]}}],"collection":[{"href":"https:\/\/www.preconcret.es\/ca\/wp-json\/wp\/v2\/pages"}],"about":[{"href":"https:\/\/www.preconcret.es\/ca\/wp-json\/wp\/v2\/types\/page"}],"author":[{"embeddable":true,"href":"https:\/\/www.preconcret.es\/ca\/wp-json\/wp\/v2\/users\/1"}],"replies":[{"embeddable":true,"href":"https:\/\/www.preconcret.es\/ca\/wp-json\/wp\/v2\/comments?post=690"}],"version-history":[{"count":4,"href":"https:\/\/www.preconcret.es\/ca\/wp-json\/wp\/v2\/pages\/690\/revisions"}],"predecessor-version":[{"id":1175,"href":"https:\/\/www.preconcret.es\/ca\/wp-json\/wp\/v2\/pages\/690\/revisions\/1175"}],"wp:attachment":[{"href":"https:\/\/www.preconcret.es\/ca\/wp-json\/wp\/v2\/media?parent=690"}],"curies":[{"name":"wp","href":"https:\/\/api.w.org\/{rel}","templated":true}]}}