{"id":1301,"date":"2026-01-20T15:22:25","date_gmt":"2026-01-20T15:22:25","guid":{"rendered":"https:\/\/www.preconcret.es\/politica-de-privacitat\/"},"modified":"2026-02-19T12:53:14","modified_gmt":"2026-02-19T12:53:14","slug":"politica-de-privacitat","status":"publish","type":"page","link":"https:\/\/www.preconcret.es\/ca\/politica-de-privacitat\/","title":{"rendered":"Pol\u00edtica de privacitat"},"content":{"rendered":"\t\t<div data-elementor-type=\"wp-page\" data-elementor-id=\"1301\" class=\"elementor elementor-1301 elementor-3\" data-elementor-post-type=\"page\">\n\t\t\t\t<div class=\"elementor-element elementor-element-4282b88 e-flex e-con-boxed e-con e-child\" data-id=\"4282b88\" data-element_type=\"container\" data-e-type=\"container\" data-settings=\"{&quot;background_background&quot;:&quot;classic&quot;,&quot;jet_parallax_layout_list&quot;:[]}\">\n\t\t\t\t\t<div class=\"e-con-inner\">\n\t\t\t\t<div class=\"elementor-element elementor-element-9ba9165 elementor-widget elementor-widget-heading\" data-id=\"9ba9165\" data-element_type=\"widget\" data-e-type=\"widget\" data-widget_type=\"heading.default\">\n\t\t\t\t\t<h1 class=\"elementor-heading-title elementor-size-default\">Pol\u00edtica de privacitat<\/h1>\t\t\t\t<\/div>\n\t\t\t\t\t<\/div>\n\t\t\t\t<\/div>\n\t\t<div class=\"elementor-element elementor-element-4ed333eb e-flex e-con-boxed e-con e-parent\" data-id=\"4ed333eb\" data-element_type=\"container\" data-e-type=\"container\" data-settings=\"{&quot;jet_parallax_layout_list&quot;:[]}\">\n\t\t\t\t\t<div class=\"e-con-inner\">\n\t\t\t\t<div class=\"elementor-element elementor-element-6bbd4d97 elementor-widget elementor-widget-text-editor\" data-id=\"6bbd4d97\" data-element_type=\"widget\" data-e-type=\"widget\" data-widget_type=\"text-editor.default\">\n\t\t\t\t\t\t\t\t\t\n<p><strong>1. INFORMACI\u00d3 A L&#8217;USUARI<\/strong><br><br><strong>Preconcret S.L.<\/strong>, en endavant RESPONSABLE, \u00e9s el responsable de les dades personals de l\u2019usuari i li informa que aquestes dades seran tractades de conformitat amb el disposat en les normatives vigents de protecci\u00f3 de dades personals, el Reglament (UE) 2016\/679 del 27 d\u2019abril del 2016 (GDPR) relatiu a la protecci\u00f3 de les persones f\u00edsiques en el que respecta al tractament de dades personals i a la lliure circulaci\u00f3 d\u2019aquestes dades, per el qu\u00e8 es facilita la seg\u00fcent informaci\u00f3:<br><br><br><strong>1.1 DADES DE CONTACTE EN MATERIA DE PROTECCI\u00d3 DE DADES<\/strong><br><br>Direcci\u00f3 postal:<br><strong>PRECONCRET, S.L.<br>A-II KM 512.7, FONOLLERES<br>25218 &#8211; GRANYANELLA (LLEIDA-SPAIN)<\/strong><br><br>Email:<br><strong>administracio@preconcret.es<\/strong><br><br><br><strong>2. BASE LEGAL I PROP\u00d2SIT DEL PROCESSAMENT DE DADES PERSONALS<\/strong><\/p>\n\n\n\n<p><br><strong>2.1.&nbsp;<\/strong> Finalitat del tractament: mantenir una relaci\u00f3 comercial amb l\u2019usuari.<br><strong>2.2.<\/strong> &nbsp;Les operacions previstes per realitzar el tractament s\u00f3n:<\/p>\n\n\n\n<ul class=\"wp-block-list\">\n<li>Remissi\u00f3 de comunicacions comercials publicit\u00e0ries, sempre i quan s\u2019hagin autoritzat pr\u00e8viament, per mail, fax, SMS, MMS, Notificacions PUSH, comunitats\/xarxes socials o qualsevol altre mitj\u00e0 electr\u00f2nic o f\u00edsic, present o futur, que possibiliti realitzar comunicacions comercials. Aquestes comunicacions seran realitzades pel RESPONSABLE i relacionades sobre els seus productes i serveis, o dels seus col\u00b7laboradors o prove\u00efdors amb el que aquest hagi arribat a un acord de promoci\u00f3. En aquest cas, aquests tercers mai tindran acc\u00e9s a les dades personals.  <\/li>\n\n\n\n<li>Realitzar estudis estad\u00edstics.<\/li>\n\n\n\n<li>Tramitar enc\u00e0rrecs, sol\u00b7licituds, compres, comandes, propostes, pressupostos, assessoraments o qualsevol tipus de petici\u00f3 que sigui realitzada per l\u2019usuari a trav\u00e9s de qualsevol de les formes de contacte que es posin a la seva disposici\u00f3.<\/li>\n\n\n\n<li>Remetre el butllet\u00ed de not\u00edcies de la p\u00e0gina web.<\/li>\n\n\n\n<li>Entrega i desenvolupament dels nostres productes i serveis (per oferir a l\u2019usuari un contingut m\u00e9s rellevant i millor experi\u00e8ncia amb els nostres productes i serveis).<\/li>\n\n\n\n<li>En compliment de les obligacions contractuals de l\u2019empresa.<\/li>\n\n\n\n<li>Analitzar i perfilar al client o altre subjecte de dades, m\u00e0rqueting directe electr\u00f2nic, orientar el m\u00e0rqueting dins les xarxes de la empresa i altres parts.<\/li>\n\n\n\n<li>Usem perfils per identificar els perfils personals dels subjectes de dades, el comportament en l\u00ednia, la edat, els h\u00e0bits del consumidor. Usem aquesta informaci\u00f3 per dirigir el m\u00e0rqueting i desenvolupar serveis. <\/li>\n<\/ul>\n\n\n\n<p>Per obtenir m\u00e9s informaci\u00f3, consulti la nostra pol\u00edtica de cookies.<br><br><strong>2.3. ARXIUS DE LOGS<\/strong><br>Al igual que en la majoria de llocs web, el RESPONSABLE, reuneix certa informaci\u00f3 autom\u00e0ticament i la emmagatzema en arxius logs. Aquesta informaci\u00f3 inclou direccions de protocol d\u2019internet, navegador, transfer\u00e8ncia, prove\u00efdor de serveis d\u2019internet, p\u00e0gines d\u2019acc\u00e9s, entrada i sortida, sistema operatiu, logs de data, hora i dades de transmissi\u00f3 de clics. <br><br>Ocasionalment, per diferents motius, podem connectar temporalment dades personals a l\u2019informaci\u00f3 recopilada en els arxius logs del sistema\/plataforma, segons sigui necessari per a millorar la seguretat del lloc i el servei a usuaris individuals.<br><br>En la majoria de sup\u00f2sits, \u00fanicament s\u2019usa aquesta informaci\u00f3, recollida en els arxius logs, per el seguiment i detecci\u00f3 d\u2019errors, per la millora de la seguretat, administrar el bon funcionament de la plataforma\/web o rastrejar l\u2019\u00fas de diferents funcions del lloc web.<br><br><strong>2.4 CRITERIS I CONSERVACI\u00d3 DE LES DADES<\/strong><br>Es conservaran mentre existeixi un inter\u00e8s mutu per mantenir la finalitat i el tractament i quan ja no sigui necessari per a tal finalitat, es suprimiran amb les mesures de seguretat adients per garantir la seudominaci\u00f3 de les dades o la destrucci\u00f3 de les mateixes.<\/p>\n\n\n\n<p><br><br><strong>3. DESTINATARIS DE LES DADES PERSONALS<\/strong><br><br>No es comunicaran les dades a tercers, tret d\u2019obligaci\u00f3 legal. El RESPONSABLE informa i garanteix expressament als usuaris que les seves dades personals no seran cedides en ningun cas a tercers i que sempre que es realitzi algun tipus de cessi\u00f3 de dades personals, es demanar\u00e0 el consentiment expressament, informat per part dels Usuaris. <\/p>\n\n\n\n<p><strong>3.1. DESTINATARIS DE LES DADES AN\u00d2NIMES \/ PERFILS PSEUDOAN\u00d2NIMS<\/strong><br>Utilitzem sistemes i tecnologies per a l&#8217;obtenci\u00f3 de perfils d&#8217;usuari pseudoan\u00f2nims o an\u00f2nims. Aquestes dades no poden identificar un usuari concret. <br><br>&nbsp;<\/p>\n\n\n\n<p><br><strong>4. DRETS QUE ASSITEIXEN L\u2019USUARI<\/strong><\/p>\n\n\n\n<ul class=\"wp-block-list\">\n<li>Dret a retirar el consentiment en qualsevol moment.<\/li>\n\n\n\n<li>Dret a acc\u00e9s, rectificaci\u00f3, portabilitat i supressi\u00f3 de les seves dades i la limitaci\u00f3 o oposici\u00f3 al seu tractament.<\/li>\n\n\n\n<li>Dret a presentar una reclamaci\u00f3 davant l\u2019autoritat de control designada (Ag\u00e8ncia de Protecci\u00f3 de Dades &#8211; www.agpd.es) si es considera que el tractament no s\u2019ajusta a la normativa vigent.<\/li>\n<\/ul>\n\n\n\n<p><br>Dades de contacte per exercir els seus drets:<br>Tots els contactes i sol\u00b7licituds relacionats amb aquesta pol\u00edtica han d\u2019enviar-se per escrit o persona a la persona mencionada en el punt 1.1&nbsp;<strong>1.1<\/strong><br><br><br><strong>5. 5. 5. CAR\u00c0CTER OBLIGATORI O FACULTATIU DE LA INFORMACI\u00d3 FACILITADA PER L&#8217;USUARI<\/strong><br><br>Els Usuaris, mitjan\u00e7ant la marcaci\u00f3 de les caselles corresponents i entrada de dades en els camps, marcats amb un asterisc (*) en el formulari de contacte o presentats en formularis de desc\u00e0rrega, accepten expressament i de forma lliure i inequ\u00edvoca, que les seves dades s\u00f3n necessaris per atendre la seva petici\u00f3, per part del prestador, sent volunt\u00e0ria la inclusi\u00f3 de dades en els camps restants. L&#8217;Usuari garanteix que les dades personals facilitades al RESPONSABLE s\u00f3n veraces i es fa responsable de comunicar qualsevol modificaci\u00f3 de les mateixes. Totes les dades sol\u00b7licitades a trav\u00e9s del lloc web s\u00f3n obligatoris, ja que s\u00f3n necessaris per a la prestaci\u00f3 d&#8217;un servei \u00f2ptim a l&#8217;usuari. En cas que no siguin facilitades totes les dades, no es garanteix que la informaci\u00f3 i serveis facilitats siguin completament ajustats a les seves necessitats.   <br><br><br><strong>6. MESURES DE SEGURETAT<\/strong><br><br>Que de conformitat amb el que disposen les normatives vigents en protecci\u00f3 de dades personals, el RESPONSABLE est\u00e0 complint amb totes les disposicions de les normatives GDPR per al tractament de les dades personals de la seva responsabilitat, i manifestament amb els principis descrits en l&#8217;article 5 del GDPR, pels quals s\u00f3n tractats de manera l\u00edcita, lleial i transparent en relaci\u00f3 amb l&#8217;interessat i adequades, pertinents i limitats al que \u00e9s necessari en relaci\u00f3 amb els fins per als quals s\u00f3n tractats. El RESPONSABLE garanteix que ha implementat pol\u00edtiques t\u00e8cniques i organitzatives apropiades per aplicar les mesures de seguretat que estableixen el GDPR per tal de protegir els drets i llibertats dels Usuaris i els ha comunicat la informaci\u00f3 adequada perqu\u00e8 puguin exercir-los. <br><br><br><strong>7. CANVIS A LA NOSTRA POL\u00cdTICA DE PRIVACITAT<\/strong><br><br>Si fem modificacions a aquesta pol\u00edtica de privacitat, col\u00b7locarem la declaraci\u00f3 esmenada en el nostre lloc web, amb una indicaci\u00f3 de la data de modificaci\u00f3. Si les modificacions s\u00f3n importants, tamb\u00e9 podem informar-li sobre aix\u00f2 per altres mitjans, per exemple, enviant un correu electr\u00f2nic o col\u00b7locant un butllet\u00ed a la nostra p\u00e0gina d&#8217;inici. Us recomanem que visiti regularment la p\u00e0gina web i observi les possibles esmenes a aquesta pol\u00edtica de privacitat. Reviseu aquests principis de protecci\u00f3 de la privacitat de tant en tant per assegurar-se estar al cas de les modificacions realitzades.   <\/p>\n\t\t\t\t\t\t\t\t<\/div>\n\t\t\t\t\t<\/div>\n\t\t\t\t<\/div>\n\t\t\t\t<\/div>\n\t\t","protected":false},"excerpt":{"rendered":"<p>Pol\u00edtica de privacitat 1. INFORMACI\u00d3 A L&#8217;USUARI Preconcret S.L., en endavant RESPONSABLE, \u00e9s el responsable de les dades personals de l\u2019usuari i li informa que aquestes dades seran tractades de conformitat amb el disposat en les normatives vigents de protecci\u00f3 de dades personals, el Reglament (UE) 2016\/679 del 27 d\u2019abril del 2016 (GDPR) relatiu a [&hellip;]<\/p>\n","protected":false},"author":1,"featured_media":0,"parent":0,"menu_order":0,"comment_status":"closed","ping_status":"closed","template":"","meta":{"footnotes":""},"class_list":["post-1301","page","type-page","status-publish","hentry"],"yoast_head":"<!-- This site is optimized with the Yoast SEO plugin v26.9 - https:\/\/yoast.com\/product\/yoast-seo-wordpress\/ -->\n<title>Pol\u00edtica de privacitat - Preconcret<\/title>\n<meta name=\"robots\" content=\"index, follow, max-snippet:-1, max-image-preview:large, max-video-preview:-1\" \/>\n<link rel=\"canonical\" href=\"https:\/\/www.preconcret.es\/ca\/politica-de-privacitat\/\" \/>\n<meta property=\"og:locale\" content=\"ca_ES\" \/>\n<meta property=\"og:type\" content=\"article\" \/>\n<meta property=\"og:title\" content=\"Pol\u00edtica de privacitat - Preconcret\" \/>\n<meta property=\"og:description\" content=\"Pol\u00edtica de privacitat 1. INFORMACI\u00d3 A L&#8217;USUARI Preconcret S.L., en endavant RESPONSABLE, \u00e9s el responsable de les dades personals de l\u2019usuari i li informa que aquestes dades seran tractades de conformitat amb el disposat en les normatives vigents de protecci\u00f3 de dades personals, el Reglament (UE) 2016\/679 del 27 d\u2019abril del 2016 (GDPR) relatiu a [&hellip;]\" \/>\n<meta property=\"og:url\" content=\"https:\/\/www.preconcret.es\/ca\/politica-de-privacitat\/\" \/>\n<meta property=\"og:site_name\" content=\"Preconcret\" \/>\n<meta property=\"article:modified_time\" content=\"2026-02-19T12:53:14+00:00\" \/>\n<meta name=\"twitter:card\" content=\"summary_large_image\" \/>\n<meta name=\"twitter:label1\" content=\"Temps estimat de lectura\" \/>\n\t<meta name=\"twitter:data1\" content=\"6 minuts\" \/>\n<script type=\"application\/ld+json\" class=\"yoast-schema-graph\">{\"@context\":\"https:\/\/schema.org\",\"@graph\":[{\"@type\":\"WebPage\",\"@id\":\"https:\/\/www.preconcret.es\/ca\/politica-de-privacitat\/\",\"url\":\"https:\/\/www.preconcret.es\/ca\/politica-de-privacitat\/\",\"name\":\"Pol\u00edtica de privacitat - Preconcret\",\"isPartOf\":{\"@id\":\"https:\/\/www.preconcret.es\/ca\/#website\"},\"datePublished\":\"2026-01-20T15:22:25+00:00\",\"dateModified\":\"2026-02-19T12:53:14+00:00\",\"breadcrumb\":{\"@id\":\"https:\/\/www.preconcret.es\/ca\/politica-de-privacitat\/#breadcrumb\"},\"inLanguage\":\"ca\",\"potentialAction\":[{\"@type\":\"ReadAction\",\"target\":[\"https:\/\/www.preconcret.es\/ca\/politica-de-privacitat\/\"]}]},{\"@type\":\"BreadcrumbList\",\"@id\":\"https:\/\/www.preconcret.es\/ca\/politica-de-privacitat\/#breadcrumb\",\"itemListElement\":[{\"@type\":\"ListItem\",\"position\":1,\"name\":\"Home\",\"item\":\"https:\/\/www.preconcret.es\/ca\/home\/\"},{\"@type\":\"ListItem\",\"position\":2,\"name\":\"Pol\u00edtica de privacitat\"}]},{\"@type\":\"WebSite\",\"@id\":\"https:\/\/www.preconcret.es\/ca\/#website\",\"url\":\"https:\/\/www.preconcret.es\/ca\/\",\"name\":\"Preconcret\",\"description\":\"Preconcret\",\"potentialAction\":[{\"@type\":\"SearchAction\",\"target\":{\"@type\":\"EntryPoint\",\"urlTemplate\":\"https:\/\/www.preconcret.es\/ca\/?s={search_term_string}\"},\"query-input\":{\"@type\":\"PropertyValueSpecification\",\"valueRequired\":true,\"valueName\":\"search_term_string\"}}],\"inLanguage\":\"ca\"}]}<\/script>\n<!-- \/ Yoast SEO plugin. -->","yoast_head_json":{"title":"Pol\u00edtica de privacitat - Preconcret","robots":{"index":"index","follow":"follow","max-snippet":"max-snippet:-1","max-image-preview":"max-image-preview:large","max-video-preview":"max-video-preview:-1"},"canonical":"https:\/\/www.preconcret.es\/ca\/politica-de-privacitat\/","og_locale":"ca_ES","og_type":"article","og_title":"Pol\u00edtica de privacitat - Preconcret","og_description":"Pol\u00edtica de privacitat 1. INFORMACI\u00d3 A L&#8217;USUARI Preconcret S.L., en endavant RESPONSABLE, \u00e9s el responsable de les dades personals de l\u2019usuari i li informa que aquestes dades seran tractades de conformitat amb el disposat en les normatives vigents de protecci\u00f3 de dades personals, el Reglament (UE) 2016\/679 del 27 d\u2019abril del 2016 (GDPR) relatiu a [&hellip;]","og_url":"https:\/\/www.preconcret.es\/ca\/politica-de-privacitat\/","og_site_name":"Preconcret","article_modified_time":"2026-02-19T12:53:14+00:00","twitter_card":"summary_large_image","twitter_misc":{"Temps estimat de lectura":"6 minuts"},"schema":{"@context":"https:\/\/schema.org","@graph":[{"@type":"WebPage","@id":"https:\/\/www.preconcret.es\/ca\/politica-de-privacitat\/","url":"https:\/\/www.preconcret.es\/ca\/politica-de-privacitat\/","name":"Pol\u00edtica de privacitat - Preconcret","isPartOf":{"@id":"https:\/\/www.preconcret.es\/ca\/#website"},"datePublished":"2026-01-20T15:22:25+00:00","dateModified":"2026-02-19T12:53:14+00:00","breadcrumb":{"@id":"https:\/\/www.preconcret.es\/ca\/politica-de-privacitat\/#breadcrumb"},"inLanguage":"ca","potentialAction":[{"@type":"ReadAction","target":["https:\/\/www.preconcret.es\/ca\/politica-de-privacitat\/"]}]},{"@type":"BreadcrumbList","@id":"https:\/\/www.preconcret.es\/ca\/politica-de-privacitat\/#breadcrumb","itemListElement":[{"@type":"ListItem","position":1,"name":"Home","item":"https:\/\/www.preconcret.es\/ca\/home\/"},{"@type":"ListItem","position":2,"name":"Pol\u00edtica de privacitat"}]},{"@type":"WebSite","@id":"https:\/\/www.preconcret.es\/ca\/#website","url":"https:\/\/www.preconcret.es\/ca\/","name":"Preconcret","description":"Preconcret","potentialAction":[{"@type":"SearchAction","target":{"@type":"EntryPoint","urlTemplate":"https:\/\/www.preconcret.es\/ca\/?s={search_term_string}"},"query-input":{"@type":"PropertyValueSpecification","valueRequired":true,"valueName":"search_term_string"}}],"inLanguage":"ca"}]}},"_links":{"self":[{"href":"https:\/\/www.preconcret.es\/ca\/wp-json\/wp\/v2\/pages\/1301","targetHints":{"allow":["GET"]}}],"collection":[{"href":"https:\/\/www.preconcret.es\/ca\/wp-json\/wp\/v2\/pages"}],"about":[{"href":"https:\/\/www.preconcret.es\/ca\/wp-json\/wp\/v2\/types\/page"}],"author":[{"embeddable":true,"href":"https:\/\/www.preconcret.es\/ca\/wp-json\/wp\/v2\/users\/1"}],"replies":[{"embeddable":true,"href":"https:\/\/www.preconcret.es\/ca\/wp-json\/wp\/v2\/comments?post=1301"}],"version-history":[{"count":3,"href":"https:\/\/www.preconcret.es\/ca\/wp-json\/wp\/v2\/pages\/1301\/revisions"}],"predecessor-version":[{"id":1304,"href":"https:\/\/www.preconcret.es\/ca\/wp-json\/wp\/v2\/pages\/1301\/revisions\/1304"}],"wp:attachment":[{"href":"https:\/\/www.preconcret.es\/ca\/wp-json\/wp\/v2\/media?parent=1301"}],"curies":[{"name":"wp","href":"https:\/\/api.w.org\/{rel}","templated":true}]}}