{"id":1297,"date":"2026-01-21T13:04:45","date_gmt":"2026-01-21T13:04:45","guid":{"rendered":"https:\/\/www.preconcret.es\/politica-de-cookies\/"},"modified":"2026-02-19T12:37:39","modified_gmt":"2026-02-19T12:37:39","slug":"politica-de-cookies","status":"publish","type":"page","link":"https:\/\/www.preconcret.es\/ca\/politica-de-cookies\/","title":{"rendered":"Pol\u00edtica de cookies"},"content":{"rendered":"\t\t<div data-elementor-type=\"wp-page\" data-elementor-id=\"1297\" class=\"elementor elementor-1297 elementor-88\" data-elementor-post-type=\"page\">\n\t\t\t\t<div class=\"elementor-element elementor-element-e3b9171 e-flex e-con-boxed e-con e-child\" data-id=\"e3b9171\" data-element_type=\"container\" data-e-type=\"container\" data-settings=\"{&quot;background_background&quot;:&quot;classic&quot;,&quot;jet_parallax_layout_list&quot;:[]}\">\n\t\t\t\t\t<div class=\"e-con-inner\">\n\t\t\t\t<div class=\"elementor-element elementor-element-dd5c6e6 elementor-widget elementor-widget-heading\" data-id=\"dd5c6e6\" data-element_type=\"widget\" data-e-type=\"widget\" data-widget_type=\"heading.default\">\n\t\t\t\t\t<h1 class=\"elementor-heading-title elementor-size-default\">Pol\u00edtica de cookies<\/h1>\t\t\t\t<\/div>\n\t\t\t\t\t<\/div>\n\t\t\t\t<\/div>\n\t\t<div class=\"elementor-element elementor-element-32f1b8db e-flex e-con-boxed e-con e-parent\" data-id=\"32f1b8db\" data-element_type=\"container\" data-e-type=\"container\" data-settings=\"{&quot;jet_parallax_layout_list&quot;:[]}\">\n\t\t\t\t\t<div class=\"e-con-inner\">\n\t\t\t\t<div class=\"elementor-element elementor-element-2f2f4632 elementor-widget elementor-widget-text-editor\" data-id=\"2f2f4632\" data-element_type=\"widget\" data-e-type=\"widget\" data-widget_type=\"text-editor.default\">\n\t\t\t\t\t\t\t\t\t\n<p><strong>Per veure en detall les cookies utilitzades en aquesta web, acceptar-les, configurar-les o rebutjar-les, prem en CONFIGURACI\u00d3 (bot\u00f3 situat a el final d&#8217;aquesta finestra o en la part superior de la mateixa).<\/strong><\/p>\n\n\n\n<p><strong>Qu\u00e8 s\u00f3n les cookies?<\/strong><br>En angl\u00e8s, el terme &#8220;cookie&#8221; significa galeta, per\u00f2 en l&#8217;\u00e0mbit de la navegaci\u00f3 web, una &#8220;cookie&#8221; \u00e9s una cosa completament diferent.<\/p>\n\n\n\n<p>Quan accedeixes a la nostra web, al navegador del teu dispositiu s&#8217;emmagatzema una petita quantitat de text que s&#8217;anomena &#8220;galeta&#8221;. Aquest text cont\u00e9 informaci\u00f3 variada sobre el teu navegaci\u00f3, h\u00e0bits, prefer\u00e8ncies, personalitzacions de continguts, etc&#8230; <\/p>\n\n\n\n<p>Hi ha altres tecnologies que funcionen de manera similar i que tamb\u00e9 es fan servir per recopilar dades sobre la teva activitat de navegaci\u00f3. Anomenarem &#8220;cookies&#8221; a totes aquestes tecnologies en el seu conjunt. <\/p>\n\n\n\n<p>Els usos concrets que fem d&#8217;aquestes tecnologies es descriuen en el present document.<\/p>\n\n\n\n<p><strong>Per a qu\u00e8 s&#8217;utilitzen les cookies en aquesta web?<\/strong><br>Les cookies s\u00f3n una part essencial de com funciona el nostre lloc web. L&#8217;objectiu principal de les nostres cookies \u00e9s millorar la teva experi\u00e8ncia en la navegaci\u00f3. Per exemple, per recordar les teves prefer\u00e8ncies (idioma, pa\u00eds, etc.) durant la navegaci\u00f3 i en futures visites. La informaci\u00f3 recollida a les cookies ens permet a m\u00e9s millorar el web, adaptar-la als teus interessos com a usuari, accelerar les recerques que facis, etc&#8230;   <\/p>\n\n\n\n<p>En determinats casos, si hem obtingut teu previ consentiment informat, podrem utilitzar cookies per a altres usos, com ara per obtenir informaci\u00f3 que ens permeti mostrar publicitat basada en l&#8217;an\u00e0lisi de les teves h\u00e0bits de navegaci\u00f3.<\/p>\n\n\n\n<p><strong>Per a qu\u00e8 NO s&#8217;utilitzen les cookies en aquesta web?<\/strong><br>A les cookies que utilitzem no s&#8217;emmagatzema informaci\u00f3 sensible d&#8217;identificaci\u00f3 personal com el teu nom, adre\u00e7a, la contrasenya, etc&#8230;<\/p>\n\n\n\n<p><strong>Qui utilitza la informaci\u00f3 emmagatzemada en les cookies?<\/strong><br>La informaci\u00f3 emmagatzemada en les galetes del nostre lloc web \u00e9s utilitzada exclusivament per nosaltres, a excepci\u00f3 d&#8217;aquelles identificades m\u00e9s endavant com a &#8216;cookie de tercers&#8217;, que s\u00f3n utilitzades i gestionades per entitats externes que ens proporcionen serveis que milloren l&#8217;experi\u00e8ncia de l&#8217;usuari. Per exemple, les estad\u00edstiques que es recullen sobre el nombre de visites, el contingut que m\u00e9s agrada, etc&#8230; <\/p>\n\n\n\n<p>Les cookies de tercers tamb\u00e9 se solen utilitzar per garantir les operacions de pagament realitzades a trav\u00e9s del web.<\/p>\n\n\n\n<p><strong>Com puc evitar l&#8217;\u00fas de cookies en aquest lloc web?<\/strong><br>Si prefereixes evitar l&#8217;\u00fas de les cookies, pots REBUTJAR seu \u00fas o pots CONFIGURAR les que vols evitar i les que permets utilitzar (en el nostre centre de control de cookies, accedint a trav\u00e9s del bot\u00f3 CONFIGURACI\u00d3, situat a l&#8217;inici o final d&#8217;aquesta finestra. donem informaci\u00f3 ampliada a l&#8217;respecte de cada tipus de cookie, la seva finalitat, destinatari, temporalitat, etc.).<\/p>\n\n\n\n<p>Si les has acceptat, no tornarem a preguntar-te llevat que esborris les cookies al teu dispositiu segons s&#8217;indica en l&#8217;apartat seg\u00fcent.<\/p>\n\n\n\n<p>Si vols revocar el consentiment haur\u00e0s d&#8217;eliminar les cookies i tornar a configurar-los.<\/p>\n\n\n\n<p><strong>Com deshabilitem i eliminar la utilitzaci\u00f3 de galetes?<\/strong><br>Per restringir, bloquejar o esborrar les cookies d&#8217;aquest lloc web (i les usades per tercers) pots fer-ho, en qualsevol moment:<\/p>\n\n\n\n<p>\u2022 Mitjan\u00e7ant el nostre centre de control de cookies, accedint a trav\u00e9s del bot\u00f3 CONFIGURACI\u00d3, situat a l&#8217;inici o final d&#8217;aquesta finestra.<\/p>\n\n\n\n<p>\u2022 Modificant la configuraci\u00f3 del teu navegador. Tingues en compte que aquesta configuraci\u00f3 \u00e9s diferent en cada navegador, si b\u00e9 \u00e9s habitual trobar la configuraci\u00f3 de cookies al men\u00fa &#8216;Prefer\u00e8ncies&#8217; &#8216;Eines&#8217; &#8220;Opcions&#8221; i despr\u00e9s a &#8220;Privadesa i Seguretat&#8221; o en &#8220;esborrar dades de navegaci\u00f3&#8221;, etc. <\/p>\n\n\n\n<p>Per a m\u00e9s detall sobre la configuraci\u00f3 de les cookies a cada navegador, pots consultar el men\u00fa &#8216;Ajuda&#8217; de la mateixa.<\/p>\n\n\n\n<p><strong>Quins tipus de cookies s&#8217;utilitzen en aquesta p\u00e0gina web?<\/strong><br>Cada p\u00e0gina web utilitza les seves pr\u00f2pies cookies. A la nostra web utilitzem les que s&#8217;indiquen a<br>continuaci\u00f3: <\/p>\n\n\n\n<p><strong>SEGONS L&#8217;ENTITAT QUE HO GESTIONA<\/strong><br><strong>\u2022 Cookies pr\u00f2pies:<\/strong><br>S\u00f3n aquelles que s&#8217;envien a l&#8217;equip terminal de l&#8217;usuari des d&#8217;un equip o domini gestionat pel propi editor i des del qual es presta el servei sol\u00b7licitat per l&#8217;usuari.<\/p>\n\n\n\n<p><strong>\u2022 Cookies de tercers:<\/strong><br>S\u00f3n aquelles que s&#8217;envien a l&#8217;equip terminal de l&#8217;usuari des d&#8217;un equip o domini que no \u00e9s gestionat per l&#8217;editor, sin\u00f3 per una altra entitat que tracta les dades obtingudes a trav\u00e9s de les cookies.<\/p>\n\n\n\n<p>En el cas que les cookies siguin servides des d&#8217;un equip o domini gestionat pel propi editor, per\u00f2 la informaci\u00f3 que es reculli mitjan\u00e7ant aquestes sigui gestionada per un tercer, no poden ser considerades com cookies pr\u00f2pies si el tercer les utilitza per a les seves pr\u00f2pies finalitats (per exemple, la millora dels serveis que presta o la prestaci\u00f3 de serveis de car\u00e0cter publicitari a favor d&#8217;altres entitats).<\/p>\n\n\n\n<p><strong>SEGONS LA FINALITAT<\/strong><br><strong>\u2022 Cookies t\u00e8cniques o necess\u00e0ries:<\/strong><br>S\u00f3n aquelles necess\u00e0ries per a la navegaci\u00f3 i el bon funcionament de la nostra p\u00e0gina web, com per exemple, controlar el tr\u00e0nsit i la comunicaci\u00f3 de dades, identificar la sessi\u00f3, accedir a parts d&#8217;acc\u00e9s restringit, recordar els elements que integren una comanda, realitzar el proc\u00e9s de compra d&#8217;una comanda, gestionar el pagament, controlar el frau vinculat a la seguretat de l&#8217;servei, realitzar la sol\u00b7licitud d&#8217;inscripci\u00f3 o participaci\u00f3 en un esdeveniment, comptar visites a efectes de la facturaci\u00f3 de llic\u00e8ncies de programari amb el que funciona el servei (lloc web, plataforma o aplicaci\u00f3), utilitzar elements de seguretat durant la navegaci\u00f3, emmagatzemar continguts per a la difusi\u00f3 de v\u00eddeos o so, habilitaci\u00f3 de contingut din\u00e0mics (per exemple, animaci\u00f3 de c\u00e0rrega d&#8217;un text o imatge) o compartir continguts a trav\u00e9s de xarxes socials.<\/p>\n\n\n\n<p><strong>\u2022 Cookies d&#8217;an\u00e0lisi o estad\u00edstiques:<\/strong><br>Permeten quantificar el nombre d&#8217;usuaris i aix\u00ed realitzar el mesurament i an\u00e0lisi estad\u00edstica de la<br>utilitzaci\u00f3 que fan els usuaris de el servei ofert. Per aix\u00f2 s&#8217;analitza la seva navegaci\u00f3 a la nostra p\u00e0gina web per tal de millorar l&#8217;oferta de productes o serveis que li oferim. <\/p>\n\n\n\n<p><strong>\u2022 Cookies de prefer\u00e8ncies o personalitzaci\u00f3:<\/strong><br>S\u00f3n aquelles que permeten recordar informaci\u00f3 perqu\u00e8 l&#8217;usuari accedeixi a el servei amb determinades caracter\u00edstiques que poden diferenciar la seva experi\u00e8ncia de la d&#8217;altres usuaris, com, per exemple, l&#8217;idioma, el nombre de resultats a mostrar quan l&#8217;usuari realitza una recerca, l&#8217;aspecte o contingut de l&#8217;servei en funci\u00f3 de l&#8217;tipus de navegador a trav\u00e9s del qual l&#8217;usuari accedeix a l&#8217;servei o de la regi\u00f3 des de la qual s&#8217;accedeix a el servei, etc.<\/p>\n\n\n\n<p><strong>\u2022 Publicit\u00e0ries comportamentals o m\u00e0rqueting:<\/strong><br>S\u00f3n aquelles que, tractades per nosaltres o per tercers, ens permeten analitzar els seus h\u00e0bits de navegaci\u00f3 a Internet perqu\u00e8 puguem mostrar-publicitat relacionada amb el seu perfil de navegaci\u00f3.<\/p>\n\n\n\n<p><strong>SEGONS EL TERMINI DE TEMPS QUE ROMANEN ACTIVADES<br>\u2022 Cookies de sessi\u00f3:<\/strong><br>S\u00f3n aquelles dissenyades per a demanar i emmagatzemar dades mentre l&#8217;usuari accedeix a una p\u00e0gina web.<\/p>\n\n\n\n<p>Se solen emprar per emmagatzemar informaci\u00f3 que nom\u00e9s interessa conservar per a la prestaci\u00f3 de el servei sol\u00b7licitat per l&#8217;usuari en una sola ocasi\u00f3 (per exemple, una llista de productes adquirits) i desapareixen a l&#8217;acabar la sessi\u00f3.<\/p>\n\n\n\n<p><strong>\u2022 Cookies persistents:<\/strong><br>S\u00f3n aquelles en qu\u00e8 les dades segueixen emmagatzemats en el terminal i poden ser accedits i tractats durant un per\u00edode definit pel responsable de la galeta, i que pot anar d&#8217;uns minuts a diversos anys. Referent a aix\u00f2 s&#8217;ha de valorar espec\u00edficament si \u00e9s necess\u00e0ria la utilitzaci\u00f3 de cookies persistents, ja que els riscos per a la privacitat podrien reduir-se mitjan\u00e7ant la utilitzaci\u00f3 de cookies de sessi\u00f3. <\/p>\n\n\n\n<p>En tot cas, quan s&#8217;instal\u00b7lin cookies persistents, es recomana reduir a el m\u00ednim necessari seva durada temporal atenent a la finalitat del seu \u00fas. A aquests efectes, el Dictamen 4\/2012 de l&#8217;GT29 va indicar que perqu\u00e8 una cookie pugui estar exempta de el deure de consentiment informat, la seva caducitat ha d&#8217;estar relacionada amb la seva finalitat. A causa d&#8217;aix\u00f2, \u00e9s molt m\u00e9s probable que es considerin com exceptuades les cookies de sessi\u00f3 que les persistents.  <\/p>\n\n\n\n<p><strong>Per veure en detall les cookies utilitzades en aquesta web, acceptar-les, configurar-les o rebutjar-les, prem en CONFIGURACI\u00d3 (bot\u00f3 situat a el final d&#8217;aquesta finestra o en la part superior de la mateixa).<\/strong><\/p>\n\t\t\t\t\t\t\t\t<\/div>\n\t\t\t\t\t<\/div>\n\t\t\t\t<\/div>\n\t\t\t\t<\/div>\n\t\t","protected":false},"excerpt":{"rendered":"<p>Pol\u00edtica de cookies Per veure en detall les cookies utilitzades en aquesta web, acceptar-les, configurar-les o rebutjar-les, prem en CONFIGURACI\u00d3 (bot\u00f3 situat a el final d&#8217;aquesta finestra o en la part superior de la mateixa). Qu\u00e8 s\u00f3n les cookies?En angl\u00e8s, el terme &#8220;cookie&#8221; significa galeta, per\u00f2 en l&#8217;\u00e0mbit de la navegaci\u00f3 web, una &#8220;cookie&#8221; \u00e9s [&hellip;]<\/p>\n","protected":false},"author":1,"featured_media":0,"parent":0,"menu_order":0,"comment_status":"closed","ping_status":"closed","template":"","meta":{"footnotes":""},"class_list":["post-1297","page","type-page","status-publish","hentry"],"yoast_head":"<!-- This site is optimized with the Yoast SEO plugin v26.9 - https:\/\/yoast.com\/product\/yoast-seo-wordpress\/ -->\n<title>Pol\u00edtica de cookies - Preconcret<\/title>\n<meta name=\"robots\" content=\"index, follow, max-snippet:-1, max-image-preview:large, max-video-preview:-1\" \/>\n<link rel=\"canonical\" href=\"https:\/\/www.preconcret.es\/ca\/politica-de-cookies\/\" \/>\n<meta property=\"og:locale\" content=\"ca_ES\" \/>\n<meta property=\"og:type\" content=\"article\" \/>\n<meta property=\"og:title\" content=\"Pol\u00edtica de cookies - Preconcret\" \/>\n<meta property=\"og:description\" content=\"Pol\u00edtica de cookies Per veure en detall les cookies utilitzades en aquesta web, acceptar-les, configurar-les o rebutjar-les, prem en CONFIGURACI\u00d3 (bot\u00f3 situat a el final d&#8217;aquesta finestra o en la part superior de la mateixa). Qu\u00e8 s\u00f3n les cookies?En angl\u00e8s, el terme &#8220;cookie&#8221; significa galeta, per\u00f2 en l&#8217;\u00e0mbit de la navegaci\u00f3 web, una &#8220;cookie&#8221; \u00e9s [&hellip;]\" \/>\n<meta property=\"og:url\" content=\"https:\/\/www.preconcret.es\/ca\/politica-de-cookies\/\" \/>\n<meta property=\"og:site_name\" content=\"Preconcret\" \/>\n<meta property=\"article:modified_time\" content=\"2026-02-19T12:37:39+00:00\" \/>\n<meta name=\"twitter:card\" content=\"summary_large_image\" \/>\n<meta name=\"twitter:label1\" content=\"Temps estimat de lectura\" \/>\n\t<meta name=\"twitter:data1\" content=\"7 minuts\" \/>\n<script type=\"application\/ld+json\" class=\"yoast-schema-graph\">{\"@context\":\"https:\/\/schema.org\",\"@graph\":[{\"@type\":\"WebPage\",\"@id\":\"https:\/\/www.preconcret.es\/ca\/politica-de-cookies\/\",\"url\":\"https:\/\/www.preconcret.es\/ca\/politica-de-cookies\/\",\"name\":\"Pol\u00edtica de cookies - Preconcret\",\"isPartOf\":{\"@id\":\"https:\/\/www.preconcret.es\/ca\/#website\"},\"datePublished\":\"2026-01-21T13:04:45+00:00\",\"dateModified\":\"2026-02-19T12:37:39+00:00\",\"breadcrumb\":{\"@id\":\"https:\/\/www.preconcret.es\/ca\/politica-de-cookies\/#breadcrumb\"},\"inLanguage\":\"ca\",\"potentialAction\":[{\"@type\":\"ReadAction\",\"target\":[\"https:\/\/www.preconcret.es\/ca\/politica-de-cookies\/\"]}]},{\"@type\":\"BreadcrumbList\",\"@id\":\"https:\/\/www.preconcret.es\/ca\/politica-de-cookies\/#breadcrumb\",\"itemListElement\":[{\"@type\":\"ListItem\",\"position\":1,\"name\":\"Home\",\"item\":\"https:\/\/www.preconcret.es\/ca\/home\/\"},{\"@type\":\"ListItem\",\"position\":2,\"name\":\"Pol\u00edtica de cookies\"}]},{\"@type\":\"WebSite\",\"@id\":\"https:\/\/www.preconcret.es\/ca\/#website\",\"url\":\"https:\/\/www.preconcret.es\/ca\/\",\"name\":\"Preconcret\",\"description\":\"Preconcret\",\"potentialAction\":[{\"@type\":\"SearchAction\",\"target\":{\"@type\":\"EntryPoint\",\"urlTemplate\":\"https:\/\/www.preconcret.es\/ca\/?s={search_term_string}\"},\"query-input\":{\"@type\":\"PropertyValueSpecification\",\"valueRequired\":true,\"valueName\":\"search_term_string\"}}],\"inLanguage\":\"ca\"}]}<\/script>\n<!-- \/ Yoast SEO plugin. -->","yoast_head_json":{"title":"Pol\u00edtica de cookies - Preconcret","robots":{"index":"index","follow":"follow","max-snippet":"max-snippet:-1","max-image-preview":"max-image-preview:large","max-video-preview":"max-video-preview:-1"},"canonical":"https:\/\/www.preconcret.es\/ca\/politica-de-cookies\/","og_locale":"ca_ES","og_type":"article","og_title":"Pol\u00edtica de cookies - Preconcret","og_description":"Pol\u00edtica de cookies Per veure en detall les cookies utilitzades en aquesta web, acceptar-les, configurar-les o rebutjar-les, prem en CONFIGURACI\u00d3 (bot\u00f3 situat a el final d&#8217;aquesta finestra o en la part superior de la mateixa). Qu\u00e8 s\u00f3n les cookies?En angl\u00e8s, el terme &#8220;cookie&#8221; significa galeta, per\u00f2 en l&#8217;\u00e0mbit de la navegaci\u00f3 web, una &#8220;cookie&#8221; \u00e9s [&hellip;]","og_url":"https:\/\/www.preconcret.es\/ca\/politica-de-cookies\/","og_site_name":"Preconcret","article_modified_time":"2026-02-19T12:37:39+00:00","twitter_card":"summary_large_image","twitter_misc":{"Temps estimat de lectura":"7 minuts"},"schema":{"@context":"https:\/\/schema.org","@graph":[{"@type":"WebPage","@id":"https:\/\/www.preconcret.es\/ca\/politica-de-cookies\/","url":"https:\/\/www.preconcret.es\/ca\/politica-de-cookies\/","name":"Pol\u00edtica de cookies - Preconcret","isPartOf":{"@id":"https:\/\/www.preconcret.es\/ca\/#website"},"datePublished":"2026-01-21T13:04:45+00:00","dateModified":"2026-02-19T12:37:39+00:00","breadcrumb":{"@id":"https:\/\/www.preconcret.es\/ca\/politica-de-cookies\/#breadcrumb"},"inLanguage":"ca","potentialAction":[{"@type":"ReadAction","target":["https:\/\/www.preconcret.es\/ca\/politica-de-cookies\/"]}]},{"@type":"BreadcrumbList","@id":"https:\/\/www.preconcret.es\/ca\/politica-de-cookies\/#breadcrumb","itemListElement":[{"@type":"ListItem","position":1,"name":"Home","item":"https:\/\/www.preconcret.es\/ca\/home\/"},{"@type":"ListItem","position":2,"name":"Pol\u00edtica de cookies"}]},{"@type":"WebSite","@id":"https:\/\/www.preconcret.es\/ca\/#website","url":"https:\/\/www.preconcret.es\/ca\/","name":"Preconcret","description":"Preconcret","potentialAction":[{"@type":"SearchAction","target":{"@type":"EntryPoint","urlTemplate":"https:\/\/www.preconcret.es\/ca\/?s={search_term_string}"},"query-input":{"@type":"PropertyValueSpecification","valueRequired":true,"valueName":"search_term_string"}}],"inLanguage":"ca"}]}},"_links":{"self":[{"href":"https:\/\/www.preconcret.es\/ca\/wp-json\/wp\/v2\/pages\/1297","targetHints":{"allow":["GET"]}}],"collection":[{"href":"https:\/\/www.preconcret.es\/ca\/wp-json\/wp\/v2\/pages"}],"about":[{"href":"https:\/\/www.preconcret.es\/ca\/wp-json\/wp\/v2\/types\/page"}],"author":[{"embeddable":true,"href":"https:\/\/www.preconcret.es\/ca\/wp-json\/wp\/v2\/users\/1"}],"replies":[{"embeddable":true,"href":"https:\/\/www.preconcret.es\/ca\/wp-json\/wp\/v2\/comments?post=1297"}],"version-history":[{"count":3,"href":"https:\/\/www.preconcret.es\/ca\/wp-json\/wp\/v2\/pages\/1297\/revisions"}],"predecessor-version":[{"id":1300,"href":"https:\/\/www.preconcret.es\/ca\/wp-json\/wp\/v2\/pages\/1297\/revisions\/1300"}],"wp:attachment":[{"href":"https:\/\/www.preconcret.es\/ca\/wp-json\/wp\/v2\/media?parent=1297"}],"curies":[{"name":"wp","href":"https:\/\/api.w.org\/{rel}","templated":true}]}}